{"id":221565,"date":"2024-08-16T11:16:22","date_gmt":"2024-08-16T09:16:22","guid":{"rendered":"https:\/\/www.ondafc.es\/?page_id=221565"},"modified":"2024-08-16T12:05:08","modified_gmt":"2024-08-16T10:05:08","slug":"news","status":"publish","type":"page","link":"https:\/\/staging.ondafc.es\/es\/news\/","title":{"rendered":"News"},"content":{"rendered":"<div data-elementor-type=\"wp-page\" data-elementor-id=\"221565\" class=\"elementor elementor-221565\" data-elementor-post-type=\"page\">\n\t\t\t\t<div class=\"elementor-element elementor-element-d581dd8 e-flex e-con-boxed e-con e-parent\" data-id=\"d581dd8\" data-element_type=\"container\" data-e-type=\"container\">\n\t\t\t\t\t<div class=\"e-con-inner\">\n\t\t\t\t<div class=\"elementor-element elementor-element-0cf4262 elementor-widget elementor-widget-heading\" data-id=\"0cf4262\" data-element_type=\"widget\" data-e-type=\"widget\" data-widget_type=\"heading.default\">\n\t\t\t\t<div class=\"elementor-widget-container\">\n\t\t\t\t\t<h2 class=\"elementor-heading-title elementor-size-default\">\u00daltimas noticias<\/h2>\t\t\t\t<\/div>\n\t\t\t\t<\/div>\n\t\t\t\t<div class=\"elementor-element elementor-element-7102480 elementor-widget elementor-widget-image\" data-id=\"7102480\" data-element_type=\"widget\" data-e-type=\"widget\" data-widget_type=\"image.default\">\n\t\t\t\t<div class=\"elementor-widget-container\">\n\t\t\t\t\t\t\t\t\t\t\t\t\t\t\t<img decoding=\"async\" width=\"623\" height=\"22\" src=\"https:\/\/staging.ondafc.es\/wp-content\/uploads\/2024\/05\/linethinyellow-1-1-1.png\" class=\"attachment-large size-large wp-image-189456\" alt=\"\" srcset=\"https:\/\/staging.ondafc.es\/wp-content\/uploads\/2024\/05\/linethinyellow-1-1-1.png 623w, https:\/\/staging.ondafc.es\/wp-content\/uploads\/2024\/05\/linethinyellow-1-1-1-300x11.png 300w, https:\/\/staging.ondafc.es\/wp-content\/uploads\/2024\/05\/linethinyellow-1-1-1-18x1.png 18w, https:\/\/staging.ondafc.es\/wp-content\/uploads\/2024\/05\/linethinyellow-1-1-1-600x21.png 600w\" sizes=\"(max-width: 623px) 100vw, 623px\" title=\"\" loading=\"lazy\">\t\t\t\t\t\t\t\t\t\t\t\t\t\t\t<\/div>\n\t\t\t\t<\/div>\n\t\t\t\t<div class=\"elementor-element elementor-element-b09ee20 elementor-widget elementor-widget-heading\" data-id=\"b09ee20\" data-element_type=\"widget\" data-e-type=\"widget\" data-widget_type=\"heading.default\">\n\t\t\t\t<div class=\"elementor-widget-container\">\n\t\t\t\t\t<h2 class=\"elementor-heading-title elementor-size-default\">18-8-2024<\/h2>\t\t\t\t<\/div>\n\t\t\t\t<\/div>\n\t\t\t\t<div class=\"elementor-element elementor-element-4fad31b elementor-widget elementor-widget-eael-adv-accordion\" data-id=\"4fad31b\" data-element_type=\"widget\" data-e-type=\"widget\" data-widget_type=\"eael-adv-accordion.default\">\n\t\t\t\t<div class=\"elementor-widget-container\">\n\t\t\t\t\t            <div class=\"eael-adv-accordion\" id=\"eael-adv-accordion-4fad31b\" data-scroll-on-click=\"no\" data-scroll-speed=\"300\" data-accordion-id=\"4fad31b\" data-accordion-type=\"accordion\" data-toogle-speed=\"300\">\n            <div class=\"eael-accordion-list\">\n\t\t\t\t\t<div id=\"new-field-creation-closing-marxalenes\" class=\"elementor-tab-title eael-accordion-header active-default\" tabindex=\"0\" data-tab=\"1\" aria-controls=\"elementor-tab-content-8351\"><span class=\"eael-advanced-accordion-icon-closed\"><i aria-hidden=\"true\" class=\"fa-accordion-icon fas fa-plus\"><\/i><\/span><span class=\"eael-advanced-accordion-icon-opened\"><i aria-hidden=\"true\" class=\"fa-accordion-icon fas fa-minus\"><\/i><\/span><span class=\"eael-accordion-tab-title\">Creaci\u00f3n de nuevo campo y cierre de Marxalenes<\/span><i aria-hidden=\"true\" class=\"fa-toggle fas fa-angle-right\"><\/i><\/div><div id=\"elementor-tab-content-8351\" class=\"eael-accordion-content clearfix active-default\" data-tab=\"1\" aria-labelledby=\"new-field-creation-closing-marxalenes\"><p>\u26bd\ufe0f\ud83d\udea8BIG NEWS \ud83d\udea8\u26bd\ufe0f<\/p><p>Tenemos una muy buena noticia y una actualizaci\u00f3n desafortunada<\/p><p>Empezaremos con las noticias desafortunadas para acabar de una vez: El campo 5v5 de Marxalenes cierra oficialmente el 1 de septiembre de 2024.<br \/>Como es de esperar, el campo ha llegado al final de su vida \u00fatil y el ayuntamiento lo est\u00e1 cerrando para evitar incidentes debido a su mal estado.<\/p><p>Ahora, la gran noticia: hemos llegado a una soluci\u00f3n incre\u00edble - estamos construyendo nuestro propio campo de c\u00e9sped artificial 5v5 totalmente nuevo ONDA F.C., listo para finales de septiembre\/principios de octubre en las Escuelas San Jos\u00e9.<\/p><p>Hay mucho m\u00e1s por venir y muy pronto compartiremos m\u00e1s sobre los desarrollos y planes. En el mes de septiembre vamos a celebrar m\u00e1s partidos en los otros campos de Escuelas San Jos\u00e9 para compensar las p\u00e9rdidas de horas en Marxalenes antes de que empecemos completamente con nuestro nuevo campo.<\/p><p>Si tienes preguntas o dudas, no dudes en ponerte en contacto con nosotros.<\/p><\/div>\n\t\t\t\t\t<\/div><\/div>\t\t\t\t<\/div>\n\t\t\t\t<\/div>\n\t\t\t\t<div class=\"elementor-element elementor-element-d458b5a elementor-widget elementor-widget-spacer\" data-id=\"d458b5a\" data-element_type=\"widget\" data-e-type=\"widget\" data-widget_type=\"spacer.default\">\n\t\t\t\t<div class=\"elementor-widget-container\">\n\t\t\t\t\t\t\t<div class=\"elementor-spacer\">\n\t\t\t<div class=\"elementor-spacer-inner\"><\/div>\n\t\t<\/div>\n\t\t\t\t\t\t<\/div>\n\t\t\t\t<\/div>\n\t\t\t\t\t<\/div>\n\t\t\t\t<\/div>\n\t\t\t\t<\/div>","protected":false},"excerpt":{"rendered":"<p>News updates! 18-8-2024 New field creation &amp; Closing Marxalenes \u26bd\ufe0f?BIG NEWS ?\u26bd\ufe0f We have amazing news &amp; an unfortunate update We\u2019ll start with the unfortunate news to get that over [&hellip;]<\/p>\n","protected":false},"author":2,"featured_media":0,"parent":0,"menu_order":0,"comment_status":"closed","ping_status":"closed","template":"elementor_header_footer","meta":{"content-type":"","_price":"","_stock":"","_tribe_ticket_header":"","_tribe_default_ticket_provider":"","_tribe_ticket_capacity":"0","_ticket_start_date":"","_ticket_end_date":"","_tribe_ticket_show_description":"","_tribe_ticket_show_not_going":false,"_tribe_ticket_use_global_stock":"","_tribe_ticket_global_stock_level":"","_global_stock_mode":"","_global_stock_cap":"","_tribe_rsvp_for_event":"","_tribe_ticket_going_count":"","_tribe_ticket_not_going_count":"","_tribe_tickets_list":"[]","_tribe_ticket_has_attendee_info_fields":false,"footnotes":"","_tec_slr_enabled":"","_tec_slr_layout":""},"class_list":["post-221565","page","type-page","status-publish","hentry","entry","owp-thumbs-layout-horizontal","owp-btn-normal","owp-tabs-layout-horizontal","has-no-thumbnails","has-product-nav"],"ticketed":false,"_links":{"self":[{"href":"https:\/\/staging.ondafc.es\/es\/wp-json\/wp\/v2\/pages\/221565","targetHints":{"allow":["GET"]}}],"collection":[{"href":"https:\/\/staging.ondafc.es\/es\/wp-json\/wp\/v2\/pages"}],"about":[{"href":"https:\/\/staging.ondafc.es\/es\/wp-json\/wp\/v2\/types\/page"}],"author":[{"embeddable":true,"href":"https:\/\/staging.ondafc.es\/es\/wp-json\/wp\/v2\/users\/2"}],"replies":[{"embeddable":true,"href":"https:\/\/staging.ondafc.es\/es\/wp-json\/wp\/v2\/comments?post=221565"}],"version-history":[{"count":0,"href":"https:\/\/staging.ondafc.es\/es\/wp-json\/wp\/v2\/pages\/221565\/revisions"}],"wp:attachment":[{"href":"https:\/\/staging.ondafc.es\/es\/wp-json\/wp\/v2\/media?parent=221565"}],"curies":[{"name":"wp","href":"https:\/\/api.w.org\/{rel}","templated":true}]}}